{"id":1023,"date":"2025-02-28T13:12:16","date_gmt":"2025-02-28T13:12:16","guid":{"rendered":"https:\/\/www.rethinkinsomnia.ca\/login\/"},"modified":"2025-04-15T08:22:41","modified_gmt":"2025-04-15T08:22:41","slug":"login","status":"publish","type":"page","link":"https:\/\/www.rethinkinsomnia.ca\/fr\/login\/","title":{"rendered":"Login"},"content":{"rendered":"\t\t<div data-elementor-type=\"wp-page\" data-elementor-id=\"1023\" class=\"elementor elementor-1023 elementor-723\" data-elementor-post-type=\"page\">\n\t\t\t\t<div class=\"elementor-element elementor-element-9cdd351 e-flex e-con-boxed e-con e-parent\" data-id=\"9cdd351\" data-element_type=\"container\" data-e-type=\"container\" data-settings=\"{&quot;background_background&quot;:&quot;classic&quot;,&quot;jet_parallax_layout_list&quot;:[]}\">\n\t\t\t\t\t<div class=\"e-con-inner\">\n\t\t\t\t<div class=\"elementor-element elementor-element-b9a097e elementor-widget elementor-widget-text-editor\" data-id=\"b9a097e\" data-element_type=\"widget\" data-e-type=\"widget\" data-widget_type=\"text-editor.default\">\n\t\t\t\t<div class=\"elementor-widget-container\">\n\t\t\t\t\t\t\t\t\t<p>Ce site Web est exclusivement destin\u00e9 aux professionnels de la sant\u00e9 autoris\u00e9s au Canada.<\/p>\t\t\t\t\t\t\t\t<\/div>\n\t\t\t\t<\/div>\n\t\t<div class=\"elementor-element elementor-element-74a1203 e-con-full e-flex e-con e-child\" data-id=\"74a1203\" data-element_type=\"container\" data-e-type=\"container\" data-settings=\"{&quot;background_background&quot;:&quot;classic&quot;,&quot;jet_parallax_layout_list&quot;:[]}\">\n\t\t<div class=\"elementor-element elementor-element-4ca1cb4 e-con-full e-flex e-con e-child\" data-id=\"4ca1cb4\" data-element_type=\"container\" data-e-type=\"container\" data-settings=\"{&quot;jet_parallax_layout_list&quot;:[]}\">\n\t\t\t\t<div class=\"elementor-element elementor-element-f0e6f9a elementor-widget elementor-widget-heading\" data-id=\"f0e6f9a\" data-element_type=\"widget\" data-e-type=\"widget\" data-widget_type=\"heading.default\">\n\t\t\t\t<div class=\"elementor-widget-container\">\n\t\t\t\t\t<h2 class=\"elementor-heading-title elementor-size-default\">Bienvenue!<\/h2>\t\t\t\t<\/div>\n\t\t\t\t<\/div>\n\t\t\t\t<div class=\"elementor-element elementor-element-36265ca elementor-widget__width-initial elementor-hidden-mobile elementor-widget elementor-widget-text-editor\" data-id=\"36265ca\" data-element_type=\"widget\" data-e-type=\"widget\" data-widget_type=\"text-editor.default\">\n\t\t\t\t<div class=\"elementor-widget-container\">\n\t\t\t\t\t\t\t\t\t<p>Acc\u00e9dez au site pour en savoir plus sur l\u2019insomnie et son impact sur vos patients. Vous trouverez \u00e9galement des ressources utiles pour les patients que vous pouvez t\u00e9l\u00e9charger.<\/p>\t\t\t\t\t\t\t\t<\/div>\n\t\t\t\t<\/div>\n\t\t\t\t<div class=\"elementor-element elementor-element-3bb431b elementor-widget__width-initial elementor-hidden-desktop elementor-hidden-tablet elementor-widget elementor-widget-text-editor\" data-id=\"3bb431b\" data-element_type=\"widget\" data-e-type=\"widget\" data-widget_type=\"text-editor.default\">\n\t\t\t\t<div class=\"elementor-widget-container\">\n\t\t\t\t\t\t\t\t\t<p>Acc\u00e9dez au site pour en savoir plus sur l\u2019insomnie et son impact sur vos patients. Vous trouverez \u00e9galement des ressources utiles pour les patients que vous pouvez t\u00e9l\u00e9charger. <\/p>\t\t\t\t\t\t\t\t<\/div>\n\t\t\t\t<\/div>\n\t\t\t\t<\/div>\n\t\t<div class=\"elementor-element elementor-element-a8cd6d5 e-con-full e-flex e-con e-child\" data-id=\"a8cd6d5\" data-element_type=\"container\" data-e-type=\"container\" data-settings=\"{&quot;jet_parallax_layout_list&quot;:[]}\">\n\t\t\t\t<div class=\"elementor-element elementor-element-e26d893 elementor-widget elementor-widget-shortcode\" data-id=\"e26d893\" data-element_type=\"widget\" data-e-type=\"widget\" data-widget_type=\"shortcode.default\">\n\t\t\t\t<div class=\"elementor-widget-container\">\n\t\t\t\t\t    <style>\n                #error-invalid {\n            display: none;\n        }\n\n                        #error-format {\n            display: none;\n        }\n\n            <\/style>\n    <div class=\"idorsia-auth-canada-container\">\n\n        <div class=\"idorsia-auth-canada-step-init\">\n\n            <script>\n                function onSubmit() {\n                    jQuery(\"#idorsia-auth-canada-btn-submit\").prop(\"disabled\", true).text('Chargement\u2026');\n                }\n            <\/script>\n            <form class=\"idorsia-auth-canada-form\" method=\"post\" id=\"idorsiaRegistrationForm\" onsubmit=\"onSubmit()\">\n                <input type=\"hidden\" value=\"\/\" name=\"idorsia-auth-canada-ref\"\n                       id=\"idorsia-auth-canada-ref\">\n\n\n                <div class=\"idorsia-auth-canada-form-group\">\n                    <label class=\"idorsia-auth-canada-form-label\"\n                           for=\"idorsiaRegistrationProvince\">Professionnel de la sant\u00e9                        <span>*<\/span>\n                    <\/label>\n                    <div class=\"idorsia-auth-canada-select-wrapper\">\n                        <select class=\"idorsia-auth-canada-form-select form-control\" id=\"idorsiaRegistrationProvince\"\n                                required>\n                            <option value=\"\"\n                                    selected>Veuillez s\u00e9lectionner<\/option>\n                                                            <option value=\"Physician\">M\u00e9decin<\/option>\n                                                            <option value=\"Nurse\">Infirmier\/Infirmi\u00e8re<\/option>\n                                                            <option value=\"Pharmacist\">Pharmacien\/Pharmacienne<\/option>\n                                                            <option value=\"Other Healthcare Professional\">Autre professionnel de la sant\u00e9<\/option>\n                                                    <\/select>\n                    <\/div>\n                <\/div>\n                <div class=\"idorsia-auth-canada-form-group\">\n                    <label class=\"idorsia-auth-canada-form-label\"\n                           for=\"idorsiaRegistrationProvince\">Province\/territoire                        <span>*<\/span>\n                    <\/label>\n                    <div class=\"idorsia-auth-canada-select-wrapper\">\n                        <select class=\"idorsia-auth-canada-form-select form-control\" id=\"idorsiaRegistrationProvince\"\n                                required>\n                            <option value=\"\"\n                                    selected>Veuillez s\u00e9lectionner<\/option>\n                                                            <option value=\"Nova Scotia\">Nouvelle-\u00c9cosse<\/option>\n                                                            <option value=\"Newfoundland\">Terre-Neuve<\/option>\n                                                            <option value=\"New Brunswick\">Nouveau-Brunswick<\/option>\n                                                            <option value=\"Quebec\">Qu\u00e9bec<\/option>\n                                                            <option value=\"Ontario\">Ontario<\/option>\n                                                            <option value=\"Manitoba\">Manitoba<\/option>\n                                                            <option value=\"Sask\">Saskatchewan<\/option>\n                                                            <option value=\"Alberta\">Alberta<\/option>\n                                                            <option value=\"British Columbia\">Colombie-Britannique<\/option>\n                                                            <option value=\"Yukon\">Yukon<\/option>\n                                                    <\/select>\n                    <\/div>\n                <\/div>\n                <div class=\"idorsia-auth-canada-form-group\">\n                    <label class=\"idorsia-auth-canada-form-label\"\n                           for=\"idorsiaRegistration\">Num\u00e9ro de licence                        <span>*<\/span><\/label>\n\n                    <input type=\"text\" class=\"form-control\" id=\"idorsiaRegistration\" minlength=\"4\"\n                           required\n                           placeholder=\"Num\u00e9ro de licence\"\n                           name=\"idorsia-auth-canada-registration\">\n\n                <\/div>\n\n                <div class=\"idorsia-auth-canada-btn-container\">\n                    <button type=\"submit\" class=\"idorsia-auth-canada-btn idorsia-auth-canada-btn-primary\"\n                            id=\"idorsia-auth-canada-btn-submit\">\n                        Saisir                    <\/button>\n                <\/div>\n                <div class=\"idorsia-auth-canada-mandatory-container\">\n                    <span>*<\/span> Champs obligatoires                <\/div>\n            <\/form>\n\n        <\/div>\n\n\n    <\/div>\n    \t\t<div class=\"elementor-shortcode\"><\/div>\n\t\t\t\t\t\t<\/div>\n\t\t\t\t<\/div>\n\t\t<div class=\"elementor-element elementor-element-1abb688 e-con-full e-flex e-con e-child\" data-id=\"1abb688\" data-element_type=\"container\" data-e-type=\"container\" id=\"error-invalid\" data-settings=\"{&quot;jet_parallax_layout_list&quot;:[]}\">\n\t\t\t\t<div class=\"elementor-element elementor-element-a1ce140 elementor-widget__width-initial elementor-widget elementor-widget-text-editor\" data-id=\"a1ce140\" data-element_type=\"widget\" data-e-type=\"widget\" data-widget_type=\"text-editor.default\">\n\t\t\t\t<div class=\"elementor-widget-container\">\n\t\t\t\t\t\t\t\t\t<p><b>Num\u00e9ro de licence invalide<br \/><\/b>Nous n&rsquo;avons pas pu identifier le num\u00e9ro de licence. Merci de re-v\u00e9rifier et d&rsquo;essayer une nouvelle fois.<\/p>\t\t\t\t\t\t\t\t<\/div>\n\t\t\t\t<\/div>\n\t\t\t\t<\/div>\n\t\t<div class=\"elementor-element elementor-element-28e0636 e-con-full e-flex e-con e-child\" data-id=\"28e0636\" data-element_type=\"container\" data-e-type=\"container\" id=\"error-format\" data-settings=\"{&quot;jet_parallax_layout_list&quot;:[]}\">\n\t\t\t\t<div class=\"elementor-element elementor-element-b2e5b1a elementor-widget__width-initial elementor-widget elementor-widget-text-editor\" data-id=\"b2e5b1a\" data-element_type=\"widget\" data-e-type=\"widget\" data-widget_type=\"text-editor.default\">\n\t\t\t\t<div class=\"elementor-widget-container\">\n\t\t\t\t\t\t\t\t\t<p><b>Num\u00e9ro de licence invalide<br \/><\/b>Nous n&rsquo;avons pas pu identifier le num\u00e9ro de licence. Merci de re-v\u00e9rifier et d&rsquo;essayer une nouvelle fois.<\/p>\t\t\t\t\t\t\t\t<\/div>\n\t\t\t\t<\/div>\n\t\t\t\t<\/div>\n\t\t\t\t<\/div>\n\t\t\t\t<\/div>\n\t\t\t\t<div class=\"elementor-element elementor-element-2411b01 elementor-widget elementor-widget-image\" data-id=\"2411b01\" data-element_type=\"widget\" data-e-type=\"widget\" data-widget_type=\"image.default\">\n\t\t\t\t<div class=\"elementor-widget-container\">\n\t\t\t\t\t\t\t\t\t\t\t\t\t\t\t<img fetchpriority=\"high\" decoding=\"async\" width=\"755\" height=\"546\" src=\"https:\/\/www.rethinkinsomnia.ca\/wp-content\/uploads\/2025\/02\/brai-login.png\" class=\"attachment-large size-large wp-image-946\" alt=\"\" srcset=\"https:\/\/www.rethinkinsomnia.ca\/wp-content\/uploads\/2025\/02\/brai-login.png 755w, https:\/\/www.rethinkinsomnia.ca\/wp-content\/uploads\/2025\/02\/brai-login-300x217.png 300w\" sizes=\"(max-width: 755px) 100vw, 755px\" \/>\t\t\t\t\t\t\t\t\t\t\t\t\t\t\t<\/div>\n\t\t\t\t<\/div>\n\t\t\t\t\t<\/div>\n\t\t\t\t<\/div>\n\t\t\t\t<\/div>\n\t\t","protected":false},"excerpt":{"rendered":"<p>Ce site Web est exclusivement destin\u00e9 aux professionnels de la sant\u00e9 autoris\u00e9s au Canada. Bienvenue! Acc\u00e9dez au site pour en savoir plus sur l\u2019insomnie et son impact sur vos patients. Vous trouverez \u00e9galement des ressources utiles pour les patients que vous pouvez t\u00e9l\u00e9charger. Acc\u00e9dez au site pour en savoir plus sur l\u2019insomnie et son impact [&hellip;]<\/p>\n","protected":false},"author":7,"featured_media":0,"parent":0,"menu_order":0,"comment_status":"closed","ping_status":"closed","template":"","meta":{"footnotes":""},"class_list":["post-1023","page","type-page","status-publish","hentry"],"yoast_head":"<!-- This site is optimized with the Yoast SEO plugin v27.5 - https:\/\/yoast.com\/product\/yoast-seo-wordpress\/ -->\n<title>Login - Rethink Insomnia Canada<\/title>\n<meta name=\"robots\" content=\"index, follow, max-snippet:-1, max-image-preview:large, max-video-preview:-1\" \/>\n<link rel=\"canonical\" href=\"https:\/\/www.rethinkinsomnia.ca\/fr\/login\/\" \/>\n<meta property=\"og:locale\" content=\"fr_CA\" \/>\n<meta property=\"og:type\" content=\"article\" \/>\n<meta property=\"og:title\" content=\"Login - Rethink Insomnia Canada\" \/>\n<meta property=\"og:description\" content=\"Ce site Web est exclusivement destin\u00e9 aux professionnels de la sant\u00e9 autoris\u00e9s au Canada. Bienvenue! Acc\u00e9dez au site pour en savoir plus sur l\u2019insomnie et son impact sur vos patients. Vous trouverez \u00e9galement des ressources utiles pour les patients que vous pouvez t\u00e9l\u00e9charger. Acc\u00e9dez au site pour en savoir plus sur l\u2019insomnie et son impact [&hellip;]\" \/>\n<meta property=\"og:url\" content=\"https:\/\/www.rethinkinsomnia.ca\/fr\/login\/\" \/>\n<meta property=\"og:site_name\" content=\"Rethink Insomnia Canada\" \/>\n<meta property=\"article:modified_time\" content=\"2025-04-15T08:22:41+00:00\" \/>\n<meta property=\"og:image\" content=\"https:\/\/www.rethinkinsomnia.ca\/wp-content\/uploads\/2025\/02\/brai-login.png\" \/>\n<meta name=\"twitter:card\" content=\"summary_large_image\" \/>\n<meta name=\"twitter:label1\" content=\"Est. reading time\" \/>\n\t<meta name=\"twitter:data1\" content=\"1 minute\" \/>\n<script type=\"application\/ld+json\" class=\"yoast-schema-graph\">{\"@context\":\"https:\\\/\\\/schema.org\",\"@graph\":[{\"@type\":\"WebPage\",\"@id\":\"https:\\\/\\\/www.rethinkinsomnia.ca\\\/fr\\\/login\\\/\",\"url\":\"https:\\\/\\\/www.rethinkinsomnia.ca\\\/fr\\\/login\\\/\",\"name\":\"Login - Rethink Insomnia Canada\",\"isPartOf\":{\"@id\":\"https:\\\/\\\/www.rethinkinsomnia.ca\\\/fr\\\/#website\"},\"primaryImageOfPage\":{\"@id\":\"https:\\\/\\\/www.rethinkinsomnia.ca\\\/fr\\\/login\\\/#primaryimage\"},\"image\":{\"@id\":\"https:\\\/\\\/www.rethinkinsomnia.ca\\\/fr\\\/login\\\/#primaryimage\"},\"thumbnailUrl\":\"https:\\\/\\\/www.rethinkinsomnia.ca\\\/wp-content\\\/uploads\\\/2025\\\/02\\\/brai-login.png\",\"datePublished\":\"2025-02-28T13:12:16+00:00\",\"dateModified\":\"2025-04-15T08:22:41+00:00\",\"breadcrumb\":{\"@id\":\"https:\\\/\\\/www.rethinkinsomnia.ca\\\/fr\\\/login\\\/#breadcrumb\"},\"inLanguage\":\"fr-CA\",\"potentialAction\":[{\"@type\":\"ReadAction\",\"target\":[\"https:\\\/\\\/www.rethinkinsomnia.ca\\\/fr\\\/login\\\/\"]}]},{\"@type\":\"ImageObject\",\"inLanguage\":\"fr-CA\",\"@id\":\"https:\\\/\\\/www.rethinkinsomnia.ca\\\/fr\\\/login\\\/#primaryimage\",\"url\":\"https:\\\/\\\/www.rethinkinsomnia.ca\\\/wp-content\\\/uploads\\\/2025\\\/02\\\/brai-login.png\",\"contentUrl\":\"https:\\\/\\\/www.rethinkinsomnia.ca\\\/wp-content\\\/uploads\\\/2025\\\/02\\\/brai-login.png\"},{\"@type\":\"BreadcrumbList\",\"@id\":\"https:\\\/\\\/www.rethinkinsomnia.ca\\\/fr\\\/login\\\/#breadcrumb\",\"itemListElement\":[{\"@type\":\"ListItem\",\"position\":1,\"name\":\"Home\",\"item\":\"https:\\\/\\\/www.rethinkinsomnia.ca\\\/fr\\\/\"},{\"@type\":\"ListItem\",\"position\":2,\"name\":\"Login\"}]},{\"@type\":\"WebSite\",\"@id\":\"https:\\\/\\\/www.rethinkinsomnia.ca\\\/fr\\\/#website\",\"url\":\"https:\\\/\\\/www.rethinkinsomnia.ca\\\/fr\\\/\",\"name\":\"Rethink Insomnia Canada\",\"description\":\"\",\"publisher\":{\"@id\":\"https:\\\/\\\/www.rethinkinsomnia.ca\\\/fr\\\/#organization\"},\"potentialAction\":[{\"@type\":\"SearchAction\",\"target\":{\"@type\":\"EntryPoint\",\"urlTemplate\":\"https:\\\/\\\/www.rethinkinsomnia.ca\\\/fr\\\/?s={search_term_string}\"},\"query-input\":{\"@type\":\"PropertyValueSpecification\",\"valueRequired\":true,\"valueName\":\"search_term_string\"}}],\"inLanguage\":\"fr-CA\"},{\"@type\":\"Organization\",\"@id\":\"https:\\\/\\\/www.rethinkinsomnia.ca\\\/fr\\\/#organization\",\"name\":\"Rethink Insomnia Canada\",\"url\":\"https:\\\/\\\/www.rethinkinsomnia.ca\\\/fr\\\/\",\"logo\":{\"@type\":\"ImageObject\",\"inLanguage\":\"fr-CA\",\"@id\":\"https:\\\/\\\/www.rethinkinsomnia.ca\\\/fr\\\/#\\\/schema\\\/logo\\\/image\\\/\",\"url\":\"https:\\\/\\\/www.rethinkinsomnia.ca\\\/wp-content\\\/uploads\\\/2024\\\/02\\\/Rethink-Insomnia-Logo.svg\",\"contentUrl\":\"https:\\\/\\\/www.rethinkinsomnia.ca\\\/wp-content\\\/uploads\\\/2024\\\/02\\\/Rethink-Insomnia-Logo.svg\",\"width\":247,\"height\":24,\"caption\":\"Rethink Insomnia Canada\"},\"image\":{\"@id\":\"https:\\\/\\\/www.rethinkinsomnia.ca\\\/fr\\\/#\\\/schema\\\/logo\\\/image\\\/\"}}]}<\/script>\n<!-- \/ Yoast SEO plugin. -->","yoast_head_json":{"title":"Login - Rethink Insomnia Canada","robots":{"index":"index","follow":"follow","max-snippet":"max-snippet:-1","max-image-preview":"max-image-preview:large","max-video-preview":"max-video-preview:-1"},"canonical":"https:\/\/www.rethinkinsomnia.ca\/fr\/login\/","og_locale":"fr_CA","og_type":"article","og_title":"Login - Rethink Insomnia Canada","og_description":"Ce site Web est exclusivement destin\u00e9 aux professionnels de la sant\u00e9 autoris\u00e9s au Canada. Bienvenue! Acc\u00e9dez au site pour en savoir plus sur l\u2019insomnie et son impact sur vos patients. Vous trouverez \u00e9galement des ressources utiles pour les patients que vous pouvez t\u00e9l\u00e9charger. Acc\u00e9dez au site pour en savoir plus sur l\u2019insomnie et son impact [&hellip;]","og_url":"https:\/\/www.rethinkinsomnia.ca\/fr\/login\/","og_site_name":"Rethink Insomnia Canada","article_modified_time":"2025-04-15T08:22:41+00:00","og_image":[{"url":"https:\/\/www.rethinkinsomnia.ca\/wp-content\/uploads\/2025\/02\/brai-login.png","type":"","width":"","height":""}],"twitter_card":"summary_large_image","twitter_misc":{"Est. reading time":"1 minute"},"schema":{"@context":"https:\/\/schema.org","@graph":[{"@type":"WebPage","@id":"https:\/\/www.rethinkinsomnia.ca\/fr\/login\/","url":"https:\/\/www.rethinkinsomnia.ca\/fr\/login\/","name":"Login - Rethink Insomnia Canada","isPartOf":{"@id":"https:\/\/www.rethinkinsomnia.ca\/fr\/#website"},"primaryImageOfPage":{"@id":"https:\/\/www.rethinkinsomnia.ca\/fr\/login\/#primaryimage"},"image":{"@id":"https:\/\/www.rethinkinsomnia.ca\/fr\/login\/#primaryimage"},"thumbnailUrl":"https:\/\/www.rethinkinsomnia.ca\/wp-content\/uploads\/2025\/02\/brai-login.png","datePublished":"2025-02-28T13:12:16+00:00","dateModified":"2025-04-15T08:22:41+00:00","breadcrumb":{"@id":"https:\/\/www.rethinkinsomnia.ca\/fr\/login\/#breadcrumb"},"inLanguage":"fr-CA","potentialAction":[{"@type":"ReadAction","target":["https:\/\/www.rethinkinsomnia.ca\/fr\/login\/"]}]},{"@type":"ImageObject","inLanguage":"fr-CA","@id":"https:\/\/www.rethinkinsomnia.ca\/fr\/login\/#primaryimage","url":"https:\/\/www.rethinkinsomnia.ca\/wp-content\/uploads\/2025\/02\/brai-login.png","contentUrl":"https:\/\/www.rethinkinsomnia.ca\/wp-content\/uploads\/2025\/02\/brai-login.png"},{"@type":"BreadcrumbList","@id":"https:\/\/www.rethinkinsomnia.ca\/fr\/login\/#breadcrumb","itemListElement":[{"@type":"ListItem","position":1,"name":"Home","item":"https:\/\/www.rethinkinsomnia.ca\/fr\/"},{"@type":"ListItem","position":2,"name":"Login"}]},{"@type":"WebSite","@id":"https:\/\/www.rethinkinsomnia.ca\/fr\/#website","url":"https:\/\/www.rethinkinsomnia.ca\/fr\/","name":"Rethink Insomnia Canada","description":"","publisher":{"@id":"https:\/\/www.rethinkinsomnia.ca\/fr\/#organization"},"potentialAction":[{"@type":"SearchAction","target":{"@type":"EntryPoint","urlTemplate":"https:\/\/www.rethinkinsomnia.ca\/fr\/?s={search_term_string}"},"query-input":{"@type":"PropertyValueSpecification","valueRequired":true,"valueName":"search_term_string"}}],"inLanguage":"fr-CA"},{"@type":"Organization","@id":"https:\/\/www.rethinkinsomnia.ca\/fr\/#organization","name":"Rethink Insomnia Canada","url":"https:\/\/www.rethinkinsomnia.ca\/fr\/","logo":{"@type":"ImageObject","inLanguage":"fr-CA","@id":"https:\/\/www.rethinkinsomnia.ca\/fr\/#\/schema\/logo\/image\/","url":"https:\/\/www.rethinkinsomnia.ca\/wp-content\/uploads\/2024\/02\/Rethink-Insomnia-Logo.svg","contentUrl":"https:\/\/www.rethinkinsomnia.ca\/wp-content\/uploads\/2024\/02\/Rethink-Insomnia-Logo.svg","width":247,"height":24,"caption":"Rethink Insomnia Canada"},"image":{"@id":"https:\/\/www.rethinkinsomnia.ca\/fr\/#\/schema\/logo\/image\/"}}]}},"_links":{"self":[{"href":"https:\/\/www.rethinkinsomnia.ca\/fr\/wp-json\/wp\/v2\/pages\/1023","targetHints":{"allow":["GET"]}}],"collection":[{"href":"https:\/\/www.rethinkinsomnia.ca\/fr\/wp-json\/wp\/v2\/pages"}],"about":[{"href":"https:\/\/www.rethinkinsomnia.ca\/fr\/wp-json\/wp\/v2\/types\/page"}],"author":[{"embeddable":true,"href":"https:\/\/www.rethinkinsomnia.ca\/fr\/wp-json\/wp\/v2\/users\/7"}],"replies":[{"embeddable":true,"href":"https:\/\/www.rethinkinsomnia.ca\/fr\/wp-json\/wp\/v2\/comments?post=1023"}],"version-history":[{"count":0,"href":"https:\/\/www.rethinkinsomnia.ca\/fr\/wp-json\/wp\/v2\/pages\/1023\/revisions"}],"wp:attachment":[{"href":"https:\/\/www.rethinkinsomnia.ca\/fr\/wp-json\/wp\/v2\/media?parent=1023"}],"curies":[{"name":"wp","href":"https:\/\/api.w.org\/{rel}","templated":true}]}}